{"id":712,"date":"2021-04-06T15:45:19","date_gmt":"2021-04-06T13:45:19","guid":{"rendered":"https:\/\/retedonne.net\/?page_id=712"},"modified":"2021-05-03T11:51:26","modified_gmt":"2021-05-03T09:51:26","slug":"la-rete","status":"publish","type":"page","link":"https:\/\/retedonne.net\/it\/la-rete\/","title":{"rendered":"La rete"},"content":{"rendered":"<section class=\"l-section wpb_row us_custom_bd312dc4 height_medium\"><div class=\"l-section-h i-cf\"><div class=\"g-cols vc_row type_default valign_top\"><div class=\"vc_col-sm-12 wpb_column vc_column_container\"><div class=\"vc_column-inner\"><div class=\"wpb_wrapper\"><\/div><\/div><\/div><\/div><\/div><\/section><section class=\"l-section wpb_row us_custom_c70c97eb height_medium\"><div class=\"l-section-h i-cf\"><div class=\"g-cols vc_row type_default valign_top\"><div class=\"vc_col-sm-12 wpb_column vc_column_container\"><div class=\"vc_column-inner\"><div class=\"wpb_wrapper\"><div class=\"g-cols wpb_row  type_default valign_top vc_inner\"><div class=\"vc_col-sm-6 wpb_column vc_column_container\"><div class=\"vc_column-inner\"><div class=\"wpb_wrapper\">[vc_custom_heading text=&#8221;La rete&#8221; font_container=&#8221;tag:h1|text_align:left&#8221; use_theme_fonts=&#8221;yes&#8221; css=&#8221;%7B%22default%22%3A%7B%22margin-bottom%22%3A%220%22%7D%7D&#8221;]<div class=\"w-separator size_small\"><\/div><div class=\"wpb_text_column\" ><div class=\"wpb_wrapper\"><p>ReteDonne \u00e8 membro della federazione tedesca delle associazioni di donne in migrazione DaMigra e collabora con altre organizzazioni di donne in Germania e in Europa per proporre e\/o condividere progetti di genere.<\/p>\n<p>\u201cTessere la tela\u201d \u00e8 il nostro motto. Per i nostri incontri a tema scegliamo ogni volta una citt\u00e0 diversa per entrare in diretto contatto con le realt\u00e0 locali. Ovunque troviamo donne italiane che con le loro idee e impegno non solo stimolano una crescita personale e collettiva, ma facilitano anche un\u2019integrazione consapevole nel paese di adozione.<\/p>\n<p>Il nostro denominatore comune \u00e8 l\u2019essere migrate, un\u2019esperienza che ci ha arricchito, ma anche spesso posto davanti a difficolt\u00e0 che abbiamo imparato a superare, non ultimo facendo tesoro di un mutuo sostegno e incoraggiamento che per molte \u00e8 diventato un atto di amicizia e di solidariet\u00e0.<br \/>\nIn questa cartina le citt\u00e0 in cui abbiamo fatto tappa con i nostri eventi. Segnaliamo anche gruppi o persone alle quali fare riferimento a livello locale e federale.<\/p>\n<\/div><\/div><\/div><\/div><\/div><div class=\"vc_col-sm-6 wpb_column vc_column_container\"><div class=\"vc_column-inner\"><div class=\"wpb_wrapper\"><div class=\"wpb_text_column en_netz_map\" ><div class=\"wpb_wrapper\"><div class=\"map_wrapper\" id=\"map_wrapper_785\">\n<div class=\"map_box\" style=\"max-width:2200px\">\n<div class=\"map_aspect_ratio\" style=\"padding-top:80%\" data-padding-top=\"80%\" data-padding-top-mobile=\"\">\n<div class=\"map_container\">\n<div class=\"map_render map_loading\" id=\"map_785\"><\/div>\n<\/div>\n<\/div>\n<\/div>\n<\/div>\n<\/div><\/div><\/div><\/div><\/div><\/div><\/div><\/div><\/div><\/div><\/div><\/section>","protected":false},"excerpt":{"rendered":"[vc_custom_heading text=\"La rete\" font_container=\"tag:h1|text_align:left\" use_theme_fonts=\"yes\" css=\"%7B%22default%22%3A%7B%22margin-bottom%22%3A%220%22%7D%7D\"]ReteDonne \u00e8 membro della federazione tedesca delle associazioni di donne in migrazione DaMigra e collabora con altre organizzazioni di donne in Germania e in Europa per proporre e\/o condividere progetti di genere. \u201cTessere la tela\u201d \u00e8 il nostro motto. Per i nostri incontri a tema scegliamo ogni volta una citt\u00e0...","protected":false},"author":5,"featured_media":0,"parent":0,"menu_order":0,"comment_status":"closed","ping_status":"closed","template":"","meta":[],"_links":{"self":[{"href":"https:\/\/retedonne.net\/it\/wp-json\/wp\/v2\/pages\/712"}],"collection":[{"href":"https:\/\/retedonne.net\/it\/wp-json\/wp\/v2\/pages"}],"about":[{"href":"https:\/\/retedonne.net\/it\/wp-json\/wp\/v2\/types\/page"}],"author":[{"embeddable":true,"href":"https:\/\/retedonne.net\/it\/wp-json\/wp\/v2\/users\/5"}],"replies":[{"embeddable":true,"href":"https:\/\/retedonne.net\/it\/wp-json\/wp\/v2\/comments?post=712"}],"version-history":[{"count":0,"href":"https:\/\/retedonne.net\/it\/wp-json\/wp\/v2\/pages\/712\/revisions"}],"wp:attachment":[{"href":"https:\/\/retedonne.net\/it\/wp-json\/wp\/v2\/media?parent=712"}],"curies":[{"name":"wp","href":"https:\/\/api.w.org\/{rel}","templated":true}]}}