{"id":716,"date":"2021-04-06T15:48:47","date_gmt":"2021-04-06T13:48:47","guid":{"rendered":"https:\/\/retedonne.net\/?page_id=716"},"modified":"2021-05-03T11:51:26","modified_gmt":"2021-05-03T09:51:26","slug":"informativa-privacy","status":"publish","type":"page","link":"https:\/\/retedonne.net\/it\/informativa-privacy\/","title":{"rendered":"Informativa privacy"},"content":{"rendered":"<section class=\"l-section wpb_row height_medium\"><div class=\"l-section-h i-cf\"><div class=\"g-cols vc_row type_default valign_top\"><div class=\"vc_col-sm-12 wpb_column vc_column_container\"><div class=\"vc_column-inner\"><div class=\"wpb_wrapper\"><div class=\"g-cols wpb_row  type_default valign_top vc_inner\"><div class=\"vc_col-sm-12 wpb_column vc_column_container\"><div class=\"vc_column-inner\"><div class=\"wpb_wrapper\">[vc_custom_heading text=&#8221;Informativa privacy&#8221; font_container=&#8221;tag:h1|text_align:left&#8221; use_theme_fonts=&#8221;yes&#8221;]<div class=\"wpb_text_column\" ><div class=\"wpb_wrapper\"><h2>1. La protezione dei dati in sintesi<\/h2>\n<h3>Informazioni generali<\/h3>\n<p>Le seguenti informazioni forniscono una semplice panoramica del trattamento dei dati personali quando si consulta questo sito web. I dati personali sono tutti i dati dai quali si pu\u00f2 essere identificati personalmente. Per informazioni pi\u00f9 dettagliate sulla protezione dei dati, si prega di fare riferimento alla nostra informativa sulla privacy elencata sotto questo testo.<\/p>\n<h3>Raccolta dati su questo sito web<\/h3>\n<p>Chi \u00e8 responsabile della raccolta dei dati su questo sito?<br \/>\nIl trattamento dei dati su questo sito web \u00e8 effettuato dall&#8217;operatore del sito web. Potete trovare i dati di contatto nella sezione &#8220;Nota sul responsabile&#8221; di questa informativa sulla privacy.<\/p>\n<h4>Come raccogliamo i dati personali?<\/h4>\n<p>Si tratta in parte di dati raccolti in quanto forniti dagli utenti. Questi possono essere, per esempio, i dati che si inseriscono in un modulo di contatto.<\/p>\n<p>Altri dati sono raccolti automaticamente o con il suo consenso dai nostri sistemi informatici quando si consulta il sito web. Si tratta principalmente di dati tecnici (ad esempio il browser internet, il sistema operativo o il tempo di visualizzazione della pagina). Questi dati vengono raccolti automaticamente non appena si accede a questo sito web.<\/p>\n<h4>Per cosa usiamo i dati?<\/h4>\n<p>Una parte dei dati viene raccolta per garantire una la corretta messa a disposizione del sito web. Altri dati possono essere utilizzati per analizzare il comportamento degli utenti.<\/p>\n<h4>Quali diritti avete riguardo ai vostri dati?<\/h4>\n<p>Avete il diritto in qualsiasi momento di ricevere gratuitamente informazioni sull&#8217;origine, il destinatario e lo scopo dei vostri dati personali memorizzati. Ha anche il diritto di chiedere che questi dati vengano corretti o cancellati. Se avete dato il vostro consenso al trattamento dei dati, potete revocarlo in qualsiasi momento per il futuro. Avete anche il diritto di richiedere la limitazione del trattamento dei vostri dati personali in determinate circostanze. Inoltre, avete il diritto di presentare ricorso all&#8217;autorit\u00e0 di vigilanza competente.<\/p>\n<p>Potete contattarci in qualsiasi momento in merito a questo e a qualsiasi altra domanda sul tema della protezione dei dati.<\/p>\n<h2>2. Hosting e reti di consegna dei contenuti CND (Content Delivery Network)<\/h2>\n<h3>Hosting esterno<\/h3>\n<p>Questo sito \u00e8 ospitato da un fornitore di servizi esterno (hosting). I dati personali raccolti su questo sito web sono memorizzati sui server dell&#8217;host. Questo pu\u00f2 includere, ma non \u00e8 limitato a, indirizzi IP, richieste di contatto, metadati e dati di comunicazione, dati contrattuali, dettagli di contatto, nomi, accessi al sito web e altri dati generati attraverso un sito web.<\/p>\n<p>L&#8217;hosting viene utilizzato per l&#8217;adempimento del contratto con i nostri clienti potenziali ed esistenti (art. 6 comma 1 lett. b DSGVO) e nell&#8217;interesse di una messa a disposizione sicura, veloce ed efficiente della nostra offerta online da parte di un provider professionale (art. 6 comma 1 lett. f DSGVO).<\/p>\n<p>Il nostro hosting elaborer\u00e0 i vostri dati solo nella misura in cui ci\u00f2 sia necessario per l&#8217;adempimento dei suoi obblighi di servizio e seguir\u00e0 le nostre istruzioni in merito a questi dati.<\/p>\n<p>Usiamo il seguente servizio hosting:<\/p>\n<p>Host Europe GmbH<\/p>\n<p>Hansestr. 111,<\/p>\n<p>51149 Colonia<\/p>\n<h4>Conclusione di un contratto per l&#8217;elaborazione dell&#8217;ordine<\/h4>\n<p>Al fine di garantire un trattamento conforme alla protezione dei dati, abbiamo concluso un contratto di elaborazione degli ordini con il nostro host.<\/p>\n<h2>3. Note generali e informazioni obbligatorie<\/h2>\n<h3>Protezione dei dati<\/h3>\n<p>Gli operatori di queste pagine si occupano molto seriamente della protezione dei dati personali. Trattiamo i vostri dati personali in modo confidenziale e secondo le normative legali sulla protezione dei dati e la presente informativa sulla privacy.<\/p>\n<p>Quando si utilizza questo sito web, vengono raccolti vari dati personali. I dati personali sono dati attraverso i quali si pu\u00f2 essere identificati personalmente. Questa informativa sulla privacy spiega quali informazioni raccogliamo e come le utilizziamo. Spiega anche come e per quale scopo viene fatto.<\/p>\n<p>Vorremmo sottolineare che la trasmissione di dati su Internet (ad esempio quando si comunica via e-mail) pu\u00f2 avere delle lacune di sicurezza. Una protezione completa dei dati contro l&#8217;accesso di terzi non \u00e8 possibile.<\/p>\n<h3>Nota sull&#8217;ente responsabile<\/h3>\n<p>Il responsabile del trattamento dei dati su questo sito web \u00e8:<\/p>\n<p>ReteDonne e.V.<\/p>\n<p>Stadtbahnstr. 25<\/p>\n<p>22393 Amburgo<\/p>\n<p>Telefono: +49171 831 18 82<\/p>\n<p>E-mail: <a href=\"mailto:retedonne@gmail.com\">retedonne@gmail.com<\/a><\/p>\n<p>Il responsabile del trattamento \u00e8 la persona fisica o giuridica che, da sola o insieme ad altri, determina le finalit\u00e0 e i mezzi del trattamento dei dati personali (ad esempio nomi, indirizzi e-mail, ecc.).<\/p>\n<h3>Durata della conservazione dei dati<\/h3>\n<p>A meno che non sia stato specificato un periodo di memorizzazione pi\u00f9 specifico all&#8217;interno di questa informativa sulla privacy, i vostri dati personali rimarranno presso di noi fino a quando lo scopo del trattamento dei dati non sar\u00e0 pi\u00f9 valido. Se presentate una richiesta giustificata di cancellazione o revocate il vostro consenso al trattamento dei dati, i vostri dati saranno cancellati, a meno che non si abbiamo altri motivi legalmente ammissibili per conservare i vostri dati personali (ad esempio periodi di memorizzazione in base al diritto fiscale o commerciale); in quest&#8217;ultimo caso, i dati saranno cancellati quando questi motivi non saranno pi\u00f9 applicabili.<\/p>\n<h3>Revoca del suo consenso al trattamento dei dati<\/h3>\n<p>Molte operazioni di elaborazione dei dati sono possibili solo con il consenso espresso da parte dell\u2019utente. Pu\u00f2 revocare il consenso dato in precedenza in qualsiasi momento. La legalit\u00e0 del trattamento dei dati effettuato fino alla revoca rimane inalterata dalla revoca.<\/p>\n<h3>Diritto di opporsi alla raccolta dei dati in casi speciali e al marketing diretto (art. 21 DSGVO)<\/h3>\n<p>SE IL TRATTAMENTO DEI DATI \u00c8 EFFETTUATO SULLA BASE DELL&#8217;ART. 6 ABS. 1 LIT. E O F DSGVO, AVETE IL DIRITTO DI OPPORVI IN QUALSIASI MOMENTO AL TRATTAMENTO DEI VOSTRI DATI PERSONALI PER MOTIVI DERIVANTI DALLA VOSTRA SITUAZIONE PARTICOLARE; CI\u00d2 VALE ANCHE PER LA PROFILAZIONE BASATA SU QUESTE DISPOSIZIONI. LA RISPETTIVA BASE GIURIDICA SU CUI SI BASA IL TRATTAMENTO SI TROVA NELLA PRESENTE INFORMATIVA SULLA PROTEZIONE DEI DATI. SE SI OPPONE, NON TRATTEREMO PI\u00d9 I SUOI DATI PERSONALI, A MENO CHE NON POSSIAMO DIMOSTRARE MOTIVI LEGITTIMI IMPELLENTI PER IL TRATTAMENTO CHE PREVALGONO SUI SUOI INTERESSI, DIRITTI E LIBERT\u00c0, O IL TRATTAMENTO \u00c8 FINALIZZATO A FAR VALERE, ESERCITARE O DIFENDERE RIVENDICAZIONI LEGALI (OPPOSIZIONE AI SENSI DELL&#8217;ARTICOLO 21(1) DSGVO).<\/p>\n<p>SE I VOSTRI DATI PERSONALI SONO TRATTATI A SCOPO DI MARKETING DIRETTO, AVETE IL DIRITTO DI OPPORVI IN QUALSIASI MOMENTO AL TRATTAMENTO DEI DATI PERSONALI CHE VI RIGUARDANO A SCOPO DI TALE MARKETING; CI\u00d2 VALE ANCHE PER LA PROFILAZIONE NELLA MISURA IN CUI \u00c8 COLLEGATA A TALE MARKETING DIRETTO. SE SI OPPONE, I SUOI DATI PERSONALI NON SARANNO PI\u00d9 UTILIZZATI PER SCOPI DI MARKETING DIRETTO (OPPOSIZIONE AI SENSI DELL&#8217;ARTICOLO 21 (2) DELLA LEGGE TEDESCA SULLA PROTEZIONE DEI DATI).<\/p>\n<h3>Diritto di ricorso all&#8217;autorit\u00e0 di vigilanza competente<\/h3>\n<p>In caso di violazioni del GDPR, gli interessati hanno il diritto di ricorrere a un&#8217;autorit\u00e0 di controllo, in particolare nello Stato membro della loro residenza abituale, del loro luogo di lavoro o del luogo della presunta violazione. Il diritto di ricorso non pregiudica qualsiasi altro rimedio amministrativo o giudiziario.<\/p>\n<h3>Diritto alla portabilit\u00e0 dei dati<\/h3>\n<p>Lei ha il diritto che i dati che trattiamo automaticamente sulla base del suo consenso o nell&#8217;esecuzione di un contratto siano consegnati, a lei o a terzi, in un formato comune e leggibile da una macchina. Se si richiede il trasferimento diretto dei dati a un&#8217;altra parte responsabile, questo sar\u00e0 fatto solo nella misura in cui \u00e8 tecnicamente possibile.<\/p>\n<h3>Crittografia SSL o TLS<\/h3>\n<p>Questo sito utilizza la crittografia SSL o TLS per ragioni di sicurezza e per proteggere la trasmissione di contenuti confidenziali, come gli ordini o le richieste che vengono inviate come operatore del sito. Si pu\u00f2 riconoscere una connessione criptata dal fatto che l&#8217;indirizzo nella linea del browser cambia da &#8220;http:\/\/&#8221; a &#8220;https:\/\/&#8221; e dal simbolo del lucchetto sempre nella linea del browser.<\/p>\n<p>Se la crittografia SSL o TLS \u00e8 attivata, i dati che vengono trasmessi non possono essere letti da terzi.<\/p>\n<h3>Informazioni, cancellazione e correzione<\/h3>\n<p>Nell&#8217;ambito delle disposizioni legali applicabili, avete il diritto in qualsiasi momento di avere informazioni gratuite sui vostri dati personali memorizzati, la loro origine e il destinatario e lo scopo del trattamento dei dati e, se necessario, il diritto alla correzione o cancellazione di questi dati. A questo scopo, cos\u00ec come per ulteriori domande sul tema dei dati personali, potete contattarci in qualsiasi momento.<\/p>\n<h3>Diritto alla limitazione del trattamento<\/h3>\n<p>Avete il diritto di richiedere la limitazione del trattamento dei vostri dati personali. A tal fine, potete contattarci in qualsiasi momento. Il diritto alla limitazione del trattamento esiste nei seguenti casi:<\/p>\n<ul>\n<li>Se si contesta l&#8217;esattezza dei dati personali memorizzati da noi, di solito abbiamo bisogno di tempo per verificarla. Per la durata della revisione, avete il diritto di chiedere la limitazione del trattamento dei vostri dati personali.<\/li>\n<li>Se il trattamento dei dati personali \u00e8 avvenuto\/sta avvenendo illegalmente, pu\u00f2 richiedere la limitazione del trattamento dei dati invece della cancellazione.<\/li>\n<li>Se non abbiamo pi\u00f9 bisogno dei vostri dati personali, ma voi ne avete bisogno per esercitare, difendere o far valere dei diritti legali, avete il diritto di richiedere la limitazione del trattamento dei vostri dati personali invece della cancellazione.<\/li>\n<li>Se avete presentato un&#8217;obiezione ai sensi dell&#8217;articolo 21(1) DSGVO, deve essere effettuato un bilanciamento dei vostri interessi e dei nostri. Finch\u00e9 non \u00e8 stato ancora stabilito di chi sono gli interessi prevalenti, avete il diritto di chiedere la limitazione del trattamento dei vostri dati personali.<\/li>\n<\/ul>\n<p>Se avete limitato il trattamento dei vostri dati personali, questi dati &#8211; oltre ad essere conservati &#8211; possono essere trattati solo con il vostro consenso o per asserzione, esercizio o difesa di diritti legali o per la protezione dei diritti di un&#8217;altra persona fisica o giuridica o per validi motivi di interesse pubblico dell&#8217;Unione Europea o di uno Stato membro.<\/p>\n<h3>Obiezione alle e-mail pubblicitarie<\/h3>\n<p>Ci si oppone all&#8217;uso dei dati di contatto pubblicati nell&#8217;ambito dell&#8217;obbligo d&#8217;impronta per la trasmissione di materiale pubblicitario e informativo non espressamente richiesto. Gli operatori delle pagine si riservano espressamente il diritto di intraprendere azioni legali in caso di invio non richiesto di informazioni pubblicitarie, come ad esempio e-mail di spam.<\/p>\n<h2>4. Raccolta di dati su questo sito web Cookie<\/h2>\n<p>Le nostre pagine Internet utilizzano i cosiddetti &#8220;cookies&#8221;. I cookie sono piccoli file di testo e non causano alcun danno al vostro dispositivo. Sono memorizzati temporaneamente per la durata di una sessione (cookie di sessione) o permanentemente (cookie permanenti) sul vostro dispositivo. I cookie di sessione vengono cancellati automaticamente alla fine della visita. I cookie permanenti rimangono memorizzati sul suo terminale finch\u00e9 non vengono cancellati dall\u2019utente o finch\u00e9 non vengono cancellati automaticamente dal suo browser web.<\/p>\n<p>In alcuni casi, i cookie di societ\u00e0 terze possono anche essere memorizzati sul suo dispositivo quando entra nel nostro sito (cookie di terze parti). Questi permettono a noi o a lei di utilizzare determinati servizi dell&#8217;azienda terza (ad esempio i cookie per l&#8217;elaborazione dei servizi di pagamento).<\/p>\n<p>I cookie hanno varie funzioni. Molti cookie sono tecnicamente necessari, in quanto alcune funzioni del sito non funzionerebbero senza di essi (ad esempio la funzione del carrello della spesa o la visualizzazione di video). Altri cookie sono utilizzati per valutare il comportamento dell&#8217;utente o per visualizzare la pubblicit\u00e0.<\/p>\n<p>I cookie che sono necessari per eseguire il processo di comunicazione elettronica (cookie necessari) o per fornire determinate funzioni che avete richiesto (cookie funzionali, ad esempio per la funzione del carrello della spesa) o per ottimizzare il sito web (ad esempio cookie per misurare il pubblico del web) vengono memorizzati sulla base dell&#8217;art. 6 (1) lit. f DSGVO, a meno che non sia specificata un&#8217;altra base giuridica. L&#8217;operatore del sito web ha un interesse legittimo a memorizzare i cookie per la fornitura tecnicamente senza errori e ottimizzata dei suoi servizi. Nella misura in cui \u00e8 stato richiesto il consenso alla memorizzazione dei cookie, la memorizzazione dei cookie in questione si basa esclusivamente su tale consenso (art. 6 comma 1 lit. a DSGVO); il consenso pu\u00f2 essere revocato in qualsiasi momento.<\/p>\n<p>Potete impostare il vostro browser in modo da essere informati sull&#8217;impostazione dei cookie e consentire i cookie solo in casi individuali, escludere l&#8217;accettazione dei cookie per alcuni casi o in generale e attivare la cancellazione automatica dei cookie alla chiusura del browser. Se si disattivano i cookie, la funzionalit\u00e0 di questo sito web pu\u00f2 essere limitata.<\/p>\n<p>Nella misura in cui i cookie vengono utilizzati da aziende terze o a scopo di analisi, vi informeremo separatamente in merito nel quadro della presente informativa sulla privacy e, se necessario, richiederemo il vostro consenso.<\/p>\n<h3>File di log del server<\/h3>\n<p>Il fornitore delle pagine raccoglie e memorizza automaticamente informazioni nei cosiddetti file di log del server, che il vostro browser ci trasmette automaticamente. Questi sono:<\/p>\n<ul>\n<li>tipo e versione del browser<\/li>\n<li>Sistema operativo utilizzato<\/li>\n<li>URL di riferimento<\/li>\n<li>Nome dell&#8217;host del computer che accede<\/li>\n<li>Ora della richiesta del server<\/li>\n<li>Indirizzo IP<\/li>\n<\/ul>\n<p>Questi dati non vengono uniti a altre fonti di dati.<\/p>\n<p>La raccolta di questi dati si basa sull&#8217;art. 6 comma 1 lit. f DSGVO. L&#8217;operatore del sito web ha un interesse legittimo nella presentazione tecnicamente senza errori e nell&#8217;ottimizzazione del suo sito web &#8211; a questo scopo, i file di log del server devono essere registrati.<\/p>\n<h3>Modulo di contatto<\/h3>\n<p>Se ci inviate delle richieste tramite il modulo di contatto, i vostri dati dal modulo di richiesta, compresi i dati di contatto che ci avete fornito, saranno memorizzati da noi allo scopo di elaborare la richiesta e in caso di domande successive. Non trasmettiamo questi dati senza il suo consenso.<\/p>\n<p>Il trattamento di questi dati si basa sull&#8217;art. 6 (1) lit. b DSGVO, se la vostra richiesta \u00e8 legata all&#8217;esecuzione di un contratto o \u00e8 necessaria per l&#8217;attuazione di misure precontrattuali. In tutti gli altri casi, il trattamento si basa sul nostro legittimo interesse all&#8217;elaborazione efficace delle richieste a noi rivolte (art. 6 (1) (f) DSGVO) o sul vostro consenso (art. 6 (1) (a) DSGVO), se questo \u00e8 stato richiesto.<\/p>\n<p>I dati inseriti nel modulo di contatto rimarranno presso di noi fino a quando non ci chiederete di cancellarli, non revocherete il vostro consenso a memorizzarli o lo scopo della memorizzazione dei dati non sar\u00e0 pi\u00f9 valido (ad esempio, dopo che avremo completato l&#8217;elaborazione della vostra richiesta). Le disposizioni legali obbligatorie &#8211; in particolare i periodi di conservazione &#8211; rimangono inalterate.<\/p>\n<h3>Richiesta via e-mail, telefono o fax<\/h3>\n<p>Se ci contattate via e-mail, telefono o fax, la vostra richiesta, compresi tutti i dati personali che ne derivano (nome, richiesta), sar\u00e0 memorizzata ed elaborata da noi allo scopo di elaborare la vostra richiesta. Non trasmettiamo questi dati senza il suo consenso.<\/p>\n<p>Il trattamento di questi dati si basa sull&#8217;art. 6 (1) lit. b DSGVO, se la vostra richiesta \u00e8 legata all&#8217;esecuzione di un contratto o \u00e8 necessaria per l&#8217;attuazione di misure precontrattuali. In tutti gli altri casi, il trattamento si basa sul nostro legittimo interesse nella gestione efficace delle richieste a noi rivolte (Art. 6 (1) (f) DSGVO) o sul vostro consenso (Art. 6 (1) (a) DSGVO) se questo \u00e8 stato richiesto.<\/p>\n<p>I dati che ci inviate attraverso le richieste di contatto rimarranno con noi fino a quando non ci chiederete di cancellarli, revocare il vostro consenso a memorizzarli o lo scopo per la memorizzazione dei dati non sar\u00e0 pi\u00f9 valido (ad esempio dopo che la vostra richiesta \u00e8 stata elaborata). Le disposizioni legali obbligatorie &#8211; in particolare i periodi di conservazione legale &#8211; rimangono inalterate.<\/p>\n<h2>5. Newsletter<\/h2>\n<h3>Dati della newsletter<\/h3>\n<p>Se desiderate ricevere la newsletter offerta sul sito, abbiamo bisogno di un vostro indirizzo e-mail e di informazioni che ci permettano di verificare che siete il proprietario dell&#8217;indirizzo e-mail fornito e che accettate di ricevere la newsletter. Altri dati non saranno raccolti o saranno raccolti solo su base volontaria. Utilizziamo questi dati esclusivamente per inviare le informazioni richieste e non li trasmettiamo a terzi.<\/p>\n<p>Il trattamento dei dati inseriti nel modulo di registrazione alla newsletter si basa esclusivamente sul vostro consenso (art. 6 comma 1 lit. a DSGVO). Potete revocare il vostro consenso alla memorizzazione dei dati, l&#8217;indirizzo e-mail e il loro utilizzo per l&#8217;invio della newsletter in qualsiasi momento, per esempio tramite il link &#8220;unsubscribe&#8221; nella newsletter. La legalit\u00e0 delle operazioni di trattamento dei dati gi\u00e0 effettuate rimane inalterata dalla revoca.<\/p>\n<p>I dati che ci fornite allo scopo di ricevere la newsletter vengono memorizzati da noi o dal fornitore di servizi di newsletter fino a quando non vi cancellate dalla newsletter e vengono cancellati dalla lista di distribuzione della newsletter dopo che vi siete cancellati dalla newsletter o dopo che lo scopo \u00e8 cessato. Ci riserviamo il diritto di cancellare o bloccare gli indirizzi e-mail dalla nostra lista di distribuzione della newsletter a nostra discrezione nell&#8217;ambito del nostro legittimo interesse ai sensi dell&#8217;art. 6 (1) lit. f DSGVO.<\/p>\n<p>Dopo la cancellazione dalla lista di distribuzione della newsletter, il vostro indirizzo e-mail sar\u00e0 memorizzato da noi o dal fornitore di servizi di newsletter in una lista nera, se necessario, al fine di prevenire futuri invii. I dati della lista nera saranno utilizzati solo per questo scopo e non saranno uniti ad altri dati. Questo serve sia il vostro interesse che il nostro interesse a rispettare i requisiti legali per l&#8217;invio di newsletter (interesse legittimo ai sensi dell&#8217;art. 6 (1) f DSGVO). La memorizzazione nella lista nera non \u00e8 limitata nel tempo. Potete opporvi alla memorizzazione se i vostri interessi superano il nostro legittimo interesse.<\/p>\n<\/div><\/div><\/div><\/div><\/div><\/div><\/div><\/div><\/div><\/div><\/div><\/section>","protected":false},"excerpt":{"rendered":"[vc_custom_heading text=\"Informativa privacy\" font_container=\"tag:h1|text_align:left\" use_theme_fonts=\"yes\"]1. La protezione dei dati in sintesi Informazioni generali Le seguenti informazioni forniscono una semplice panoramica del trattamento dei dati personali quando si consulta questo sito web. I dati personali sono tutti i dati dai quali si pu\u00f2 essere identificati personalmente. Per informazioni pi\u00f9 dettagliate sulla protezione dei dati, si prega...","protected":false},"author":5,"featured_media":0,"parent":0,"menu_order":0,"comment_status":"closed","ping_status":"closed","template":"","meta":[],"_links":{"self":[{"href":"https:\/\/retedonne.net\/it\/wp-json\/wp\/v2\/pages\/716"}],"collection":[{"href":"https:\/\/retedonne.net\/it\/wp-json\/wp\/v2\/pages"}],"about":[{"href":"https:\/\/retedonne.net\/it\/wp-json\/wp\/v2\/types\/page"}],"author":[{"embeddable":true,"href":"https:\/\/retedonne.net\/it\/wp-json\/wp\/v2\/users\/5"}],"replies":[{"embeddable":true,"href":"https:\/\/retedonne.net\/it\/wp-json\/wp\/v2\/comments?post=716"}],"version-history":[{"count":0,"href":"https:\/\/retedonne.net\/it\/wp-json\/wp\/v2\/pages\/716\/revisions"}],"wp:attachment":[{"href":"https:\/\/retedonne.net\/it\/wp-json\/wp\/v2\/media?parent=716"}],"curies":[{"name":"wp","href":"https:\/\/api.w.org\/{rel}","templated":true}]}}